{"id":2406,"date":"2013-12-26T18:24:08","date_gmt":"2013-12-26T17:24:08","guid":{"rendered":"http:\/\/creativverbung.de\/wordpress\/?page_id=2406"},"modified":"2024-03-02T14:10:23","modified_gmt":"2024-03-02T14:10:23","slug":"impressum","status":"publish","type":"page","link":"https:\/\/custom-helmet.de\/?page_id=2406","title":{"rendered":"Impressum"},"content":{"rendered":"\n<style type=\"text\/css\" data-created_by=\"avia_inline_auto\" id=\"style-css-av-kuze4cu6-0842e501469c6ea943ec480acee9c7d4\">\n.av_font_icon.av-kuze4cu6-0842e501469c6ea943ec480acee9c7d4 .av-icon-char{\nfont-size:40px;\nline-height:40px;\n}\n<\/style>\n<span  class='av_font_icon av-kuze4cu6-0842e501469c6ea943ec480acee9c7d4 avia_animate_when_visible av-icon-style- avia-icon-pos-center avia-iconfont avia-font-entypo-fontello av-no-color avia-icon-animate'><span class='av-icon-char' data-av_icon='\ue81e' data-av_iconfont='entypo-fontello' aria-hidden=\"true\" ><\/span><\/span>\n<section  class='av_textblock_section av-kuze4ww4-1d93d513a12bbcb5921da064788c999a '   itemscope=\"itemscope\" itemtype=\"https:\/\/schema.org\/CreativeWork\" ><div class='avia_textblock'  itemprop=\"text\" ><p style=\"text-align: center;\">CH PRO DESIGN GbR<\/p>\n<p style=\"text-align: center;\">Hauptstra\u00dfe 21<\/p>\n<p style=\"text-align: center;\">99334 Riechheim<\/p>\n<p style=\"text-align: center;\">E Mail: info@custom-helmet.de<br \/>\nInternet: www.custom-helmet.de<\/p>\n<p style=\"text-align: center;\">Inhaltlich Verantwortlicher gem\u00e4\u00df \u00a7 55 Abs. 2 RStV: Sascha Neumann<br \/>\nHaftungshinweis<br \/>\nTrotz sorgf\u00e4ltiger inhaltlicher Kontrolle \u00fcbernehmen wir keine Haftung f\u00fcr die Inhalte externer Links. F\u00fcr den Inhalt der verlinkten Seiten sind ausschlie\u00dflich deren Betreiber verantwortlich.<\/p>\n<\/div><\/section>\n","protected":false},"excerpt":{"rendered":"","protected":false},"author":2,"featured_media":0,"parent":0,"menu_order":0,"comment_status":"open","ping_status":"closed","template":"","meta":{"footnotes":""},"class_list":["post-2406","page","type-page","status-publish","hentry"],"_links":{"self":[{"href":"https:\/\/custom-helmet.de\/index.php?rest_route=\/wp\/v2\/pages\/2406","targetHints":{"allow":["GET"]}}],"collection":[{"href":"https:\/\/custom-helmet.de\/index.php?rest_route=\/wp\/v2\/pages"}],"about":[{"href":"https:\/\/custom-helmet.de\/index.php?rest_route=\/wp\/v2\/types\/page"}],"author":[{"embeddable":true,"href":"https:\/\/custom-helmet.de\/index.php?rest_route=\/wp\/v2\/users\/2"}],"replies":[{"embeddable":true,"href":"https:\/\/custom-helmet.de\/index.php?rest_route=%2Fwp%2Fv2%2Fcomments&post=2406"}],"version-history":[{"count":1,"href":"https:\/\/custom-helmet.de\/index.php?rest_route=\/wp\/v2\/pages\/2406\/revisions"}],"predecessor-version":[{"id":12646,"href":"https:\/\/custom-helmet.de\/index.php?rest_route=\/wp\/v2\/pages\/2406\/revisions\/12646"}],"wp:attachment":[{"href":"https:\/\/custom-helmet.de\/index.php?rest_route=%2Fwp%2Fv2%2Fmedia&parent=2406"}],"curies":[{"name":"wp","href":"https:\/\/api.w.org\/{rel}","templated":true}]}}