{"id":12925,"date":"2024-04-21T17:16:26","date_gmt":"2024-04-21T17:16:26","guid":{"rendered":"https:\/\/custom-helmet.de\/?page_id=12925"},"modified":"2025-03-05T20:01:15","modified_gmt":"2025-03-05T20:01:15","slug":"design","status":"publish","type":"page","link":"https:\/\/custom-helmet.de\/?page_id=12925","title":{"rendered":"Folierung"},"content":{"rendered":"<div  class='flex_column av-1u4dfod-18b040898e3d7f26c10997385ce98c33 av_one_fifth  avia-builder-el-0  el_before_av_one_half  avia-builder-el-first  first flex_column_div  '     ><\/div>\n<div  class='flex_column av-1808ljx-72f91b9c9120575d0eb9cf2d5da0582e av_one_half  avia-builder-el-1  el_after_av_one_fifth  el_before_av_one_fourth  flex_column_div  '     ><p>\n<style type=\"text\/css\" data-created_by=\"avia_inline_auto\" id=\"style-css-av-lv9s3f4r-7c3ade6c10029afd3e97863d6fbc9898\">\n#top .av_textblock_section.av-lv9s3f4r-7c3ade6c10029afd3e97863d6fbc9898 .avia_textblock{\nfont-size:16px;\n}\n<\/style>\n<section  class='av_textblock_section av-lv9s3f4r-7c3ade6c10029afd3e97863d6fbc9898 '   itemscope=\"itemscope\" itemtype=\"https:\/\/schema.org\/CreativeWork\" ><div class='avia_textblock'  itemprop=\"text\" ><p>Im Tor oder auf dem Feld &#8211; der Helm ist im Mittelpunkt. Neben der Sicherheit bietet er eine ideale M\u00f6glichkeit den Verein zu pr\u00e4sentieren. Nat\u00fcrlich steht er auch f\u00fcr Sponsoren im Fokus.<\/p>\n<\/div><\/section><br \/>\n\n<style type=\"text\/css\" data-created_by=\"avia_inline_auto\" id=\"style-css-av-lv9rhvg5-4f991f49348261e836a0458ff2bc41ac\">\n#top .av-special-heading.av-lv9rhvg5-4f991f49348261e836a0458ff2bc41ac{\npadding-bottom:10px;\n}\nbody .av-special-heading.av-lv9rhvg5-4f991f49348261e836a0458ff2bc41ac .av-special-heading-tag .heading-char{\nfont-size:25px;\n}\n.av-special-heading.av-lv9rhvg5-4f991f49348261e836a0458ff2bc41ac .av-subheading{\nfont-size:15px;\n}\n<\/style>\n<div  class='av-special-heading av-lv9rhvg5-4f991f49348261e836a0458ff2bc41ac av-special-heading-h3 blockquote modern-quote  avia-builder-el-3  el_after_av_textblock  el_before_av_textblock '><h3 class='av-special-heading-tag '  itemprop=\"headline\"  >Visualisierung Ihres Designs<\/h3><div class=\"special-heading-border\"><div class=\"special-heading-inner-border\"><\/div><\/div><\/div><br \/>\n\n<style type=\"text\/css\" data-created_by=\"avia_inline_auto\" id=\"style-css-av-m7wbct3l-27b09bf06806f9110a5a61aad2a35a2c\">\n#top .av_textblock_section.av-m7wbct3l-27b09bf06806f9110a5a61aad2a35a2c .avia_textblock{\nfont-size:16px;\n}\n<\/style>\n<section  class='av_textblock_section av-m7wbct3l-27b09bf06806f9110a5a61aad2a35a2c '   itemscope=\"itemscope\" itemtype=\"https:\/\/schema.org\/CreativeWork\" ><div class='avia_textblock'  itemprop=\"text\" ><p>Nach Ihren Vorgaben bzw. dem Corporate Identity des Vereines oder Sponsors mit den dazu geh\u00f6rigen Grafiken Visualisieren wir das Helmdesign.<br \/>\nDie Entw\u00fcrfe zeigen vorab schon ein Bild des fertigen Helmes und wenn gew\u00fcnscht kann kurzfristig ein Muster angefertigt werden.<\/p>\n<\/div><\/section><br \/>\n\n<style type=\"text\/css\" data-created_by=\"avia_inline_auto\" id=\"style-css-av-mws2al-8c20a0b836960780cc4084dc93364a1f\">\n#top .av-special-heading.av-mws2al-8c20a0b836960780cc4084dc93364a1f{\npadding-bottom:10px;\n}\nbody .av-special-heading.av-mws2al-8c20a0b836960780cc4084dc93364a1f .av-special-heading-tag .heading-char{\nfont-size:25px;\n}\n.av-special-heading.av-mws2al-8c20a0b836960780cc4084dc93364a1f .av-subheading{\nfont-size:15px;\n}\n<\/style>\n<div  class='av-special-heading av-mws2al-8c20a0b836960780cc4084dc93364a1f av-special-heading-h3  avia-builder-el-5  el_after_av_textblock  el_before_av_textblock '><h3 class='av-special-heading-tag '  itemprop=\"headline\"  >Folierung<\/h3><div class=\"special-heading-border\"><div class=\"special-heading-inner-border\"><\/div><\/div><\/div><br \/>\n\n<style type=\"text\/css\" data-created_by=\"avia_inline_auto\" id=\"style-css-av-m7wbeh5b-857de76e64db06f82915c34677ce6fb4\">\n#top .av_textblock_section.av-m7wbeh5b-857de76e64db06f82915c34677ce6fb4 .avia_textblock{\nfont-size:16px;\n}\n<\/style>\n<section  class='av_textblock_section av-m7wbeh5b-857de76e64db06f82915c34677ce6fb4 '   itemscope=\"itemscope\" itemtype=\"https:\/\/schema.org\/CreativeWork\" ><div class='avia_textblock'  itemprop=\"text\" ><p>Mit Sorgfalt wird die Beklebung nach der Druckfreigabe hergestellt. Die Beklebung wird durch langj\u00e4hrige Erfahrung mit ge\u00fcbten Handgriffen umgesetzt.<\/p>\n<\/div><\/section><\/p><\/div><div  class='flex_column av-icr54t-d5361769af17cb7176c8b6f160416e27 av_one_fourth  avia-builder-el-7  el_after_av_one_half  el_before_av_one_half  flex_column_div  '     ><\/div><\/p>\n<div  class='flex_column av-1b0ycm5-835b812a3fdba7a87fca41ea99626f69 av_one_half  avia-builder-el-8  el_after_av_one_fourth  el_before_av_one_half  first flex_column_div  column-top-margin'     ><style type=\"text\/css\" data-created_by=\"avia_inline_auto\" id=\"style-css-av-lv9rjttq-09217795b377863bfa761465669af640\">\n.avia-image-container.av-lv9rjttq-09217795b377863bfa761465669af640 img.avia_image{\nbox-shadow:none;\n}\n.avia-image-container.av-lv9rjttq-09217795b377863bfa761465669af640 .av-image-caption-overlay-center{\ncolor:#ffffff;\n}\n<\/style>\n<div  class='avia-image-container av-lv9rjttq-09217795b377863bfa761465669af640 av-styling- avia-align-center  avia-builder-el-9  avia-builder-el-no-sibling '   itemprop=\"image\" itemscope=\"itemscope\" itemtype=\"https:\/\/schema.org\/ImageObject\" ><div class=\"avia-image-container-inner\"><div class=\"avia-image-overlay-wrap\"><img decoding=\"async\" fetchpriority=\"high\" class='wp-image-12926 avia-img-lazy-loading-not-12926 avia_image ' src=\"https:\/\/custom-helmet.de\/wp-content\/uploads\/2024\/04\/Dresden-13-Juli-23-495x400.jpg\" alt='' title='Dresden 13 Juli 23'  height=\"400\" width=\"495\"  itemprop=\"thumbnailUrl\" srcset=\"https:\/\/custom-helmet.de\/wp-content\/uploads\/2024\/04\/Dresden-13-Juli-23-495x400.jpg 495w, https:\/\/custom-helmet.de\/wp-content\/uploads\/2024\/04\/Dresden-13-Juli-23-845x684.jpg 845w\" sizes=\"(max-width: 495px) 100vw, 495px\" \/><\/div><\/div><\/div><\/div>\n<div  class='flex_column av-2c0jfh-a333520a97e47b1e64cebeec9b8361e2 av_one_half  avia-builder-el-10  el_after_av_one_half  avia-builder-el-last  flex_column_div  column-top-margin'     ><style type=\"text\/css\" data-created_by=\"avia_inline_auto\" id=\"style-css-av-lv9si5fy-50e2befc349b94e0c98c004b723eb7f8\">\n.avia-image-container.av-lv9si5fy-50e2befc349b94e0c98c004b723eb7f8 img.avia_image{\nbox-shadow:none;\n}\n.avia-image-container.av-lv9si5fy-50e2befc349b94e0c98c004b723eb7f8 .av-image-caption-overlay-center{\ncolor:#ffffff;\n}\n<\/style>\n<div  class='avia-image-container av-lv9si5fy-50e2befc349b94e0c98c004b723eb7f8 av-styling- avia-align-center  avia-builder-el-11  avia-builder-el-no-sibling '   itemprop=\"image\" itemscope=\"itemscope\" itemtype=\"https:\/\/schema.org\/ImageObject\" ><div class=\"avia-image-container-inner\"><div class=\"avia-image-overlay-wrap\"><img decoding=\"async\" fetchpriority=\"high\" class='wp-image-12927 avia-img-lazy-loading-not-12927 avia_image ' src=\"https:\/\/custom-helmet.de\/wp-content\/uploads\/2024\/04\/Dresden1-495x400.jpg\" alt='' title='Dresden1'  height=\"400\" width=\"495\"  itemprop=\"thumbnailUrl\" srcset=\"https:\/\/custom-helmet.de\/wp-content\/uploads\/2024\/04\/Dresden1-495x400.jpg 495w, https:\/\/custom-helmet.de\/wp-content\/uploads\/2024\/04\/Dresden1-845x684.jpg 845w\" sizes=\"(max-width: 495px) 100vw, 495px\" \/><\/div><\/div><\/div><\/div>\n","protected":false},"excerpt":{"rendered":"","protected":false},"author":1,"featured_media":0,"parent":0,"menu_order":0,"comment_status":"closed","ping_status":"closed","template":"","meta":{"footnotes":""},"class_list":["post-12925","page","type-page","status-publish","hentry"],"_links":{"self":[{"href":"https:\/\/custom-helmet.de\/index.php?rest_route=\/wp\/v2\/pages\/12925","targetHints":{"allow":["GET"]}}],"collection":[{"href":"https:\/\/custom-helmet.de\/index.php?rest_route=\/wp\/v2\/pages"}],"about":[{"href":"https:\/\/custom-helmet.de\/index.php?rest_route=\/wp\/v2\/types\/page"}],"author":[{"embeddable":true,"href":"https:\/\/custom-helmet.de\/index.php?rest_route=\/wp\/v2\/users\/1"}],"replies":[{"embeddable":true,"href":"https:\/\/custom-helmet.de\/index.php?rest_route=%2Fwp%2Fv2%2Fcomments&post=12925"}],"version-history":[{"count":10,"href":"https:\/\/custom-helmet.de\/index.php?rest_route=\/wp\/v2\/pages\/12925\/revisions"}],"predecessor-version":[{"id":12950,"href":"https:\/\/custom-helmet.de\/index.php?rest_route=\/wp\/v2\/pages\/12925\/revisions\/12950"}],"wp:attachment":[{"href":"https:\/\/custom-helmet.de\/index.php?rest_route=%2Fwp%2Fv2%2Fmedia&parent=12925"}],"curies":[{"name":"wp","href":"https:\/\/api.w.org\/{rel}","templated":true}]}}